{"id":10113,"date":"2020-07-23T16:35:15","date_gmt":"2020-07-23T15:35:15","guid":{"rendered":"https:\/\/mavzenekar.hu\/?page_id=10113"},"modified":"2020-07-23T16:35:15","modified_gmt":"2020-07-23T15:35:15","slug":"2-33","status":"publish","type":"page","link":"https:\/\/mavzenekar.hu\/en\/2-33\/","title":{"rendered":"Somogyv\u00e1rin\u00e9 Vars\u00e1nyi Erika"},"content":{"rendered":"<div  class=\"vc_row-o-content-middle  vc_row-flex vc_row wpb_row vc_row-fluid in_container\"><div class=\"wpb_column vc_column_container vc_col-sm-6\"><div class=\"vc_column-inner\"><div class=\"wpb_wrapper\"><div class=\"wpb_images_carousel wpb_content_element vc_clearfix\"><div class=\"wpb_wrapper\"><div id=\"vc_images-carousel-1-1775333904\" data-ride=\"vc_carousel\" data-wrap=\"false\" style=\"width: 559px;\" data-interval=\"0\" data-auto-height=\"yes\" data-mode=\"horizontal\" data-partial=\"false\" data-per-view=\"1\" data-hide-on-end=\"true\" class=\"vc_slide vc_images_carousel\"><ol class=\"vc_carousel-indicators\"><li data-target=\"#vc_images-carousel-1-1775333904\" data-slide-to=\"0\"><\/li><\/ol><div class=\"vc_carousel-inner\"><div class=\"vc_carousel-slideline\"><div class=\"vc_carousel-slideline-inner\"><div class=\"vc_item\"><div class=\"vc_inner\"><a class=\"prettyphoto\" href=\"https:\/\/mavzenekar.hu\/wp-content\/uploads\/2019\/12\/Varsa\u0301nyi_Erika@SteierMate-1024x1024.jpg\" data-rel=\"prettyPhoto[rel-10113-2571004271]\"><img width=\"559\" height=\"559\" src=\"https:\/\/mavzenekar.hu\/wp-content\/uploads\/2019\/12\/Varsa\u0301nyi_Erika@SteierMate-559x559.jpg\" class=\"attachment-medium\" alt=\"\" loading=\"lazy\" srcset=\"https:\/\/mavzenekar.hu\/wp-content\/uploads\/2019\/12\/Varsa\u0301nyi_Erika@SteierMate-559x559.jpg 559w, https:\/\/mavzenekar.hu\/wp-content\/uploads\/2019\/12\/Varsa\u0301nyi_Erika@SteierMate-150x150.jpg 150w, https:\/\/mavzenekar.hu\/wp-content\/uploads\/2019\/12\/Varsa\u0301nyi_Erika@SteierMate-768x768.jpg 768w, https:\/\/mavzenekar.hu\/wp-content\/uploads\/2019\/12\/Varsa\u0301nyi_Erika@SteierMate-1024x1024.jpg 1024w, https:\/\/mavzenekar.hu\/wp-content\/uploads\/2019\/12\/Varsa\u0301nyi_Erika@SteierMate.jpg 2000w\" sizes=\"(max-width: 559px) 100vw, 559px\" \/><\/a><\/div><\/div><\/div><\/div><\/div><a class=\"vc_left vc_carousel-control\" href=\"#vc_images-carousel-1-1775333904\" data-slide=\"prev\"><span class=\"icon-prev\"><\/span><\/a><a class=\"vc_right vc_carousel-control\" href=\"#vc_images-carousel-1-1775333904\" data-slide=\"next\"><span class=\"icon-next\"><\/span><\/a><\/div><\/div><\/div><\/div><\/div><\/div><div class=\"wpb_column vc_column_container vc_col-sm-6\"><div class=\"vc_column-inner\"><div class=\"wpb_wrapper\">\n\t<div class=\"wpb_text_column wpb_content_element\" >\n\t\t<div class=\"wpb_wrapper\">\n\t\t\t<p>Zen\u00e9sz csal\u00e1dban sz\u00fclettem, nyolc\u00e9vesen kezdtem el heged\u00fclni. A Bart\u00f3k B\u00e9la Konzervat\u00f3rium elv\u00e9gz\u00e9se ut\u00e1n tanulm\u00e1nyaimat R\u00e9p\u00e1ssy Gy\u00f6rgyi tan\u00e1rn\u0151n\u00e9l folytattam a Liszt Ferenc Zenem\u0171v\u00e9szeti F\u0151iskola heged\u0171tan\u00e1ri tanszak\u00e1n. Harmad\u00e9ves koromban a f\u0151iskola zenekar\u00e1nak koncertmestere lettem, emellett kamarazen\u00e9szk\u00e9nt partnereimmel t\u00f6bb d\u00edjat is nyert\u00fcnk. Ugyancsak f\u0151iskolai \u00e9veim alatt voltam Ke\u00f6nch Boldizs\u00e1r tan\u00e1r \u00far mag\u00e1n\u00e9nek n\u00f6vend\u00e9ke.<\/p>\n<p>1986-ban \u2013 diplom\u00e1m megszerz\u00e9se ut\u00e1n \u2013 a M\u00c1V Szimfonikus Zenekarhoz ker\u00fcltem, els\u0151 heged\u0171sk\u00e9nt. Egy esztend\u0151vel k\u00e9s\u0151bb f\u00e9rjemmel megalap\u00edtottuk a Caritas Collectio Kamarazenekart, melynek koncertmestere \u00e9s sz\u00f3list\u00e1ja vagyok. Az egy\u00fcttessel h\u00e1rom \u00e9vtized alatt Magyarorsz\u00e1g-szerte \u00e9s Eur\u00f3pa t\u00f6bb v\u00e1ros\u00e1ban hangversenyezt\u00fcnk, sz\u00e1mos lemezfelv\u00e9tel k\u00e9sz\u00edt\u00e9s\u00e9ben vett\u00fcnk r\u00e9szt, amelyek itthon \u00e9s az USA-ban jelentek meg.<\/p>\n<p>Koll\u00e9g\u00e1im a M\u00c1V Szimfonikusokn\u00e1l a 2002-es \u00e9vadban az \u00c9v Muzsikus\u00e1nak v\u00e1lasztottak. S b\u00e1r az ut\u00f3bbi \u00f6t esztend\u0151ben a Hubay Jen\u0151 Zeneiskola tan\u00e1rak\u00e9nt is tev\u00e9kenykedem, m\u00e1ig ugyanolyan fontos sz\u00e1momra a szimfonikus zenekari j\u00e1t\u00e9k, a zeneirodalom soksz\u00edn\u0171 m\u0171veinek el\u0151ad\u00e1s\u00e1ban val\u00f3 r\u00e9szv\u00e9tel.<\/p>\n\n\t\t<\/div>\n\t<\/div>\n<\/div><\/div><\/div><\/div><div  class=\"vc_row wpb_row vc_row-fluid in_container\"><div class=\"wpb_column vc_column_container vc_col-sm-12\"><div class=\"vc_column-inner\"><div class=\"wpb_wrapper\"><div class=\"vc_empty_space\"   style=\"height: 32px\"><span class=\"vc_empty_space_inner\"><\/span><\/div><\/div><\/div><\/div><\/div><div  class=\"vc_row wpb_row vc_row-fluid in_container\"><div class=\"wpb_column vc_column_container vc_col-sm-12\"><div class=\"vc_column-inner\"><div class=\"wpb_wrapper\"><div class=\"vc_empty_space\"   style=\"height: 32px\"><span class=\"vc_empty_space_inner\"><\/span><\/div><\/div><\/div><\/div><\/div>","protected":false},"excerpt":{"rendered":"Zen\u00e9sz csal\u00e1dban sz\u00fclettem, nyolc\u00e9vesen kezdtem el heged\u00fclni. A Bart\u00f3k B\u00e9la Konzervat\u00f3rium elv\u00e9gz\u00e9se ut\u00e1n tanulm\u00e1nyaimat R\u00e9p\u00e1ssy Gy\u00f6rgyi tan\u00e1rn\u0151n\u00e9l folytattam a Liszt Ferenc Zenem\u0171v\u00e9szeti F\u0151iskola heged\u0171tan\u00e1ri tanszak\u00e1n. Harmad\u00e9ves koromban a f\u0151iskola zenekar\u00e1nak koncertmestere lettem, emellett kamarazen\u00e9szk\u00e9nt partnereimmel t\u00f6bb d\u00edjat is nyert\u00fcnk. Ugyancsak f\u0151iskolai \u00e9veim alatt voltam Ke\u00f6nch Boldizs\u00e1r tan\u00e1r \u00far mag\u00e1n\u00e9nek n\u00f6vend\u00e9ke. 1986-ban \u2013 diplom\u00e1m megszerz\u00e9se ut\u00e1n \u2013 a M\u00c1V Szimfonikus Zenekarhoz ker\u00fcltem, els\u0151 heged\u0171sk\u00e9nt. Egy esztend\u0151vel k\u00e9s\u0151bb f\u00e9rjemmel megalap\u00edtottuk a Caritas Collectio Kamarazenekart, melynek koncertmestere \u00e9s sz\u00f3list\u00e1ja vagyok. Az egy\u00fcttessel h\u00e1rom [...]","protected":false},"author":1,"featured_media":0,"parent":0,"menu_order":0,"comment_status":"closed","ping_status":"closed","template":"","meta":[],"yoast_head":"<!-- This site is optimized with the Yoast SEO plugin v18.0 - https:\/\/yoast.com\/wordpress\/plugins\/seo\/ -->\n<title>Somogyv\u00e1rin\u00e9 Vars\u00e1nyi Erika - Mavzenekar.hu<\/title>\n<meta name=\"robots\" content=\"index, follow, max-snippet:-1, max-image-preview:large, max-video-preview:-1\" \/>\n<link rel=\"canonical\" href=\"https:\/\/mavzenekar.hu\/en\/2-33\/\" \/>\n<meta property=\"og:locale\" content=\"en_US\" \/>\n<meta property=\"og:type\" content=\"article\" \/>\n<meta property=\"og:title\" content=\"Somogyv\u00e1rin\u00e9 Vars\u00e1nyi Erika - Mavzenekar.hu\" \/>\n<meta property=\"og:url\" content=\"https:\/\/mavzenekar.hu\/en\/2-33\/\" \/>\n<meta property=\"og:site_name\" content=\"Mavzenekar.hu\" \/>\n<meta name=\"twitter:card\" content=\"summary_large_image\" \/>\n<meta name=\"twitter:label1\" content=\"Est. reading time\" \/>\n\t<meta name=\"twitter:data1\" content=\"2 minutes\" \/>\n<script type=\"application\/ld+json\" class=\"yoast-schema-graph\">{\"@context\":\"https:\/\/schema.org\",\"@graph\":[{\"@type\":\"WebSite\",\"@id\":\"https:\/\/mavzenekar.hu\/#website\",\"url\":\"https:\/\/mavzenekar.hu\/\",\"name\":\"Mavzenekar.hu\",\"description\":\"M\u00c1V Zenekar\",\"potentialAction\":[{\"@type\":\"SearchAction\",\"target\":{\"@type\":\"EntryPoint\",\"urlTemplate\":\"https:\/\/mavzenekar.hu\/?s={search_term_string}\"},\"query-input\":\"required name=search_term_string\"}],\"inLanguage\":\"en-US\"},{\"@type\":\"WebPage\",\"@id\":\"https:\/\/mavzenekar.hu\/2-33\/#webpage\",\"url\":\"https:\/\/mavzenekar.hu\/2-33\/\",\"name\":\"Somogyv\u00e1rin\u00e9 Vars\u00e1nyi Erika - Mavzenekar.hu\",\"isPartOf\":{\"@id\":\"https:\/\/mavzenekar.hu\/#website\"},\"datePublished\":\"2020-07-23T15:35:15+00:00\",\"dateModified\":\"2020-07-23T15:35:15+00:00\",\"breadcrumb\":{\"@id\":\"https:\/\/mavzenekar.hu\/2-33\/#breadcrumb\"},\"inLanguage\":\"en-US\",\"potentialAction\":[{\"@type\":\"ReadAction\",\"target\":[\"https:\/\/mavzenekar.hu\/2-33\/\"]}]},{\"@type\":\"BreadcrumbList\",\"@id\":\"https:\/\/mavzenekar.hu\/2-33\/#breadcrumb\",\"itemListElement\":[{\"@type\":\"ListItem\",\"position\":1,\"name\":\"Home\",\"item\":\"https:\/\/mavzenekar.hu\/\"},{\"@type\":\"ListItem\",\"position\":2,\"name\":\"Somogyv\u00e1rin\u00e9 Vars\u00e1nyi Erika\"}]}]}<\/script>\n<!-- \/ Yoast SEO plugin. -->","yoast_head_json":{"title":"Somogyv\u00e1rin\u00e9 Vars\u00e1nyi Erika - Mavzenekar.hu","robots":{"index":"index","follow":"follow","max-snippet":"max-snippet:-1","max-image-preview":"max-image-preview:large","max-video-preview":"max-video-preview:-1"},"canonical":"https:\/\/mavzenekar.hu\/en\/2-33\/","og_locale":"en_US","og_type":"article","og_title":"Somogyv\u00e1rin\u00e9 Vars\u00e1nyi Erika - Mavzenekar.hu","og_url":"https:\/\/mavzenekar.hu\/en\/2-33\/","og_site_name":"Mavzenekar.hu","twitter_card":"summary_large_image","twitter_misc":{"Est. reading time":"2 minutes"},"schema":{"@context":"https:\/\/schema.org","@graph":[{"@type":"WebSite","@id":"https:\/\/mavzenekar.hu\/#website","url":"https:\/\/mavzenekar.hu\/","name":"Mavzenekar.hu","description":"M\u00c1V Zenekar","potentialAction":[{"@type":"SearchAction","target":{"@type":"EntryPoint","urlTemplate":"https:\/\/mavzenekar.hu\/?s={search_term_string}"},"query-input":"required name=search_term_string"}],"inLanguage":"en-US"},{"@type":"WebPage","@id":"https:\/\/mavzenekar.hu\/2-33\/#webpage","url":"https:\/\/mavzenekar.hu\/2-33\/","name":"Somogyv\u00e1rin\u00e9 Vars\u00e1nyi Erika - Mavzenekar.hu","isPartOf":{"@id":"https:\/\/mavzenekar.hu\/#website"},"datePublished":"2020-07-23T15:35:15+00:00","dateModified":"2020-07-23T15:35:15+00:00","breadcrumb":{"@id":"https:\/\/mavzenekar.hu\/2-33\/#breadcrumb"},"inLanguage":"en-US","potentialAction":[{"@type":"ReadAction","target":["https:\/\/mavzenekar.hu\/2-33\/"]}]},{"@type":"BreadcrumbList","@id":"https:\/\/mavzenekar.hu\/2-33\/#breadcrumb","itemListElement":[{"@type":"ListItem","position":1,"name":"Home","item":"https:\/\/mavzenekar.hu\/"},{"@type":"ListItem","position":2,"name":"Somogyv\u00e1rin\u00e9 Vars\u00e1nyi Erika"}]}]}},"_links":{"self":[{"href":"https:\/\/mavzenekar.hu\/en\/wp-json\/wp\/v2\/pages\/10113"}],"collection":[{"href":"https:\/\/mavzenekar.hu\/en\/wp-json\/wp\/v2\/pages"}],"about":[{"href":"https:\/\/mavzenekar.hu\/en\/wp-json\/wp\/v2\/types\/page"}],"author":[{"embeddable":true,"href":"https:\/\/mavzenekar.hu\/en\/wp-json\/wp\/v2\/users\/1"}],"replies":[{"embeddable":true,"href":"https:\/\/mavzenekar.hu\/en\/wp-json\/wp\/v2\/comments?post=10113"}],"version-history":[{"count":1,"href":"https:\/\/mavzenekar.hu\/en\/wp-json\/wp\/v2\/pages\/10113\/revisions"}],"predecessor-version":[{"id":10114,"href":"https:\/\/mavzenekar.hu\/en\/wp-json\/wp\/v2\/pages\/10113\/revisions\/10114"}],"wp:attachment":[{"href":"https:\/\/mavzenekar.hu\/en\/wp-json\/wp\/v2\/media?parent=10113"}],"curies":[{"name":"wp","href":"https:\/\/api.w.org\/{rel}","templated":true}]}}