{"id":10956,"date":"2021-04-09T21:27:06","date_gmt":"2021-04-09T19:27:06","guid":{"rendered":"https:\/\/mavzenekar.hu\/?page_id=10956"},"modified":"2022-07-21T16:04:41","modified_gmt":"2022-07-21T14:04:41","slug":"jegy-es-berletvaltas-informaciok","status":"publish","type":"page","link":"https:\/\/mavzenekar.hu\/en\/jegy-es-berletvaltas-informaciok\/","title":{"rendered":"PURCHASING SEASON PASSES AND TICKETS"},"content":{"rendered":"<div  class=\"vc_column-gap-35 vc_row wpb_row vc_row-fluid in_container\"><div class=\"wpb_column vc_column_container vc_col-sm-12\"><div class=\"vc_column-inner\"><div class=\"wpb_wrapper\">\n\t<div class=\"wpb_text_column wpb_content_element\" >\n\t\t<div class=\"wpb_wrapper\">\n\t\t\t<p>Tickets and season passes for the concerts of the M\u00c1V Symphony Orchestra can be purchased at mavzenekar.hu. There is no handling fee or convenience fee for purchases made from the orchestra's website.<\/p>\n<p>Season passes 2022\/2023: <a href=\"https:\/\/mavzenekar.hu\/en\/berletek-2022-2023\/\"><b>https:\/\/mav.jegy.hu\/seasonticket<\/b><\/a>\u00a0.<\/p>\n<p><u>PURCHASING PASSES <\/u><strong><u><em>ONLINE<\/em><\/u><\/strong><\/p>\n<p>Pass extension will start online again this year,<strong> on April 25<\/strong> . There are two ways to renew passes online:<\/p>\n<ol>\n<li>By clicking on the unique link in the email received from Interticket on April 25: here the pre-pandemic discount will be given automatically. (Emails sometimes go to the Junk Mail\/Spam\/Unrequested Messages folder, please check there too.)<\/li>\n<li>On the website of the orchestra: <a href=\"https:\/\/mav.jegy.hu\/seasonticket\/renew\">https:\/\/mav.jegy.hu\/seasonticket\/renew<\/a> the <a href=\"https:\/\/mav.jegy.hu\/seasonticket\/\">https:\/\/mav.jegy.hu\/seasonticket\/<\/a><\/li>\n<\/ol>\n<p><u>PURCHASING \/ RENEWING PASSES <strong><em>IN PERSON<\/em><\/strong><\/u><\/p>\n<p>For individual season pass purchases, please request a prior appointment via phone +36 1 338-2664\/23 (Monday-Friday 9-12 am) or in email: bjobbagy@mavzenekar.hu<\/p>\n<p><u>SINGLE TICKET<\/u><br \/>\nA napijegy-\u00e1rus\u00edt\u00e1st<strong> augusztus 8-\u00e1n<\/strong> !<\/p>\n<p>PURCHASING A DAY TICKET AT OUR OFFICE<\/p>\n<p><strong>Franz Liszt Academy of Music ticket-office<\/strong><br \/>\nH-1061 Budapest, Liszt Ferenc t\u00e9r 8., +36 1 321 0690<\/p>\n<p><strong>M\u00dcPA ticket-office<\/strong><br \/>\nH-1095 Budapest, Komor Marcell utca 1., +36 1 555 3300<br \/>\nH-1061 Budapest, Andr\u00e1ssy \u00fat 15., +36 1 555 3310, +36 1 555 3311<\/p>\n<p><strong>Pesti Vigad\u00f3<\/strong><br \/>\nH-1051 Budapest, Vigad\u00f3 t\u00e9r 2., +36 1 328 3340<br \/>\nInterTicket orsz\u00e1gos jegyirodai h\u00e1l\u00f3zat<\/p>\n<p><strong>Szabadt\u00e9r Ticket office<br \/>\n<\/strong>H-1052 B\u00e1rczy Istv\u00e1n u. 1., +36 1\u00a0301-0147<\/p>\n<p><strong>InterTicket<\/strong> national ticket-office network<\/p>\n<p>We do not offer a discount for day tickets, we only handle individual group ticket requests at our headquarters.<\/p>\n<p>More information<\/p>\n<p>+36 1 338-2664\/23<br \/>\n<a href=\"mailto:bjobbagy@mavzenekar.hu\">bjobbagy@mavzenekar.hu<\/a><\/p>\n\n\t\t<\/div>\n\t<\/div>\n<\/div><\/div><\/div><\/div><div  class=\"vc_row wpb_row vc_row-fluid in_container\"><div class=\"wpb_column vc_column_container vc_col-sm-12\"><div class=\"vc_column-inner\"><div class=\"wpb_wrapper\"><div class=\"vc_empty_space\"   style=\"height: 64px\"><span class=\"vc_empty_space_inner\"><\/span><\/div><\/div><\/div><\/div><\/div>","protected":false},"excerpt":{"rendered":"A M\u00c1V Szimfonikus Zenekar koncertjeire weboldalunkon v\u00e1s\u00e1rolhat\u00f3k jegyek \u00e9s b\u00e9rletek. A zenekar honlapj\u00e1r\u00f3l ind\u00edtott v\u00e1s\u00e1rl\u00e1sok eset\u00e9n nincs kezel\u00e9si k\u00f6lts\u00e9g, nincs k\u00e9nyelmi d\u00edj. Zenekarunk 2022\u20132023-as \u00e9vad\u00e1nak aktu\u00e1lis b\u00e9rleteit ide kattintva\u00a0tekintheti meg. B\u00c9RLETHOSSZABB\u00cdT\u00c1S ONLINE A hosszabb\u00edt\u00e1st id\u00e9n is online kezdj\u00fck, \u00e1prilis 25-\u00e9n indul. Az online meg\u00faj\u00edt\u00e1s k\u00e9tf\u00e9lek\u00e9ppen lehets\u00e9ges: Az Intertickett\u0151l \u00e1pr. 25-\u00e9n \u00e9rkez\u0151 e-mailben tal\u00e1lhat\u00f3 egyedi linkre kattintva \u2013 itt a pand\u00e9mia el\u0151tti kedvezm\u00e9nyt automatikusan adja a rendszer. (Az e-mailek n\u00e9ha a Lev\u00e9lszem\u00e9t\/Spam\/K\u00e9retlen \u00fczenetek mapp\u00e1ba ker\u00fclnek, k\u00e9rj\u00fck, n\u00e9zz\u00e9k meg ott is.) A [...]","protected":false},"author":1,"featured_media":0,"parent":0,"menu_order":0,"comment_status":"closed","ping_status":"closed","template":"","meta":[],"yoast_head":"<!-- This site is optimized with the Yoast SEO plugin v18.0 - https:\/\/yoast.com\/wordpress\/plugins\/seo\/ -->\n<title>JEGY- \u00c9S B\u00c9RLETV\u00c1LT\u00c1S - Mavzenekar.hu<\/title>\n<meta name=\"robots\" content=\"index, follow, max-snippet:-1, max-image-preview:large, max-video-preview:-1\" \/>\n<link rel=\"canonical\" href=\"https:\/\/mavzenekar.hu\/en\/jegy-es-berletvaltas-informaciok\/\" \/>\n<meta property=\"og:locale\" content=\"en_US\" \/>\n<meta property=\"og:type\" content=\"article\" \/>\n<meta property=\"og:title\" content=\"JEGY- \u00c9S B\u00c9RLETV\u00c1LT\u00c1S - Mavzenekar.hu\" \/>\n<meta property=\"og:url\" content=\"https:\/\/mavzenekar.hu\/en\/jegy-es-berletvaltas-informaciok\/\" \/>\n<meta property=\"og:site_name\" content=\"Mavzenekar.hu\" \/>\n<meta property=\"article:modified_time\" content=\"2022-07-21T14:04:41+00:00\" \/>\n<meta name=\"twitter:card\" content=\"summary_large_image\" \/>\n<meta name=\"twitter:label1\" content=\"Est. reading time\" \/>\n\t<meta name=\"twitter:data1\" content=\"2 minutes\" \/>\n<script type=\"application\/ld+json\" class=\"yoast-schema-graph\">{\"@context\":\"https:\/\/schema.org\",\"@graph\":[{\"@type\":\"WebSite\",\"@id\":\"https:\/\/mavzenekar.hu\/#website\",\"url\":\"https:\/\/mavzenekar.hu\/\",\"name\":\"Mavzenekar.hu\",\"description\":\"M\u00c1V Zenekar\",\"potentialAction\":[{\"@type\":\"SearchAction\",\"target\":{\"@type\":\"EntryPoint\",\"urlTemplate\":\"https:\/\/mavzenekar.hu\/?s={search_term_string}\"},\"query-input\":\"required name=search_term_string\"}],\"inLanguage\":\"en-US\"},{\"@type\":\"WebPage\",\"@id\":\"https:\/\/mavzenekar.hu\/jegy-es-berletvaltas-informaciok\/#webpage\",\"url\":\"https:\/\/mavzenekar.hu\/jegy-es-berletvaltas-informaciok\/\",\"name\":\"JEGY- \u00c9S B\u00c9RLETV\u00c1LT\u00c1S - Mavzenekar.hu\",\"isPartOf\":{\"@id\":\"https:\/\/mavzenekar.hu\/#website\"},\"datePublished\":\"2021-04-09T19:27:06+00:00\",\"dateModified\":\"2022-07-21T14:04:41+00:00\",\"breadcrumb\":{\"@id\":\"https:\/\/mavzenekar.hu\/jegy-es-berletvaltas-informaciok\/#breadcrumb\"},\"inLanguage\":\"en-US\",\"potentialAction\":[{\"@type\":\"ReadAction\",\"target\":[\"https:\/\/mavzenekar.hu\/jegy-es-berletvaltas-informaciok\/\"]}]},{\"@type\":\"BreadcrumbList\",\"@id\":\"https:\/\/mavzenekar.hu\/jegy-es-berletvaltas-informaciok\/#breadcrumb\",\"itemListElement\":[{\"@type\":\"ListItem\",\"position\":1,\"name\":\"Home\",\"item\":\"https:\/\/mavzenekar.hu\/\"},{\"@type\":\"ListItem\",\"position\":2,\"name\":\"JEGY- \u00c9S B\u00c9RLETV\u00c1LT\u00c1S\"}]}]}<\/script>\n<!-- \/ Yoast SEO plugin. -->","yoast_head_json":{"title":"JEGY- \u00c9S B\u00c9RLETV\u00c1LT\u00c1S - Mavzenekar.hu","robots":{"index":"index","follow":"follow","max-snippet":"max-snippet:-1","max-image-preview":"max-image-preview:large","max-video-preview":"max-video-preview:-1"},"canonical":"https:\/\/mavzenekar.hu\/en\/jegy-es-berletvaltas-informaciok\/","og_locale":"en_US","og_type":"article","og_title":"JEGY- \u00c9S B\u00c9RLETV\u00c1LT\u00c1S - Mavzenekar.hu","og_url":"https:\/\/mavzenekar.hu\/en\/jegy-es-berletvaltas-informaciok\/","og_site_name":"Mavzenekar.hu","article_modified_time":"2022-07-21T14:04:41+00:00","twitter_card":"summary_large_image","twitter_misc":{"Est. reading time":"2 minutes"},"schema":{"@context":"https:\/\/schema.org","@graph":[{"@type":"WebSite","@id":"https:\/\/mavzenekar.hu\/#website","url":"https:\/\/mavzenekar.hu\/","name":"Mavzenekar.hu","description":"M\u00c1V Zenekar","potentialAction":[{"@type":"SearchAction","target":{"@type":"EntryPoint","urlTemplate":"https:\/\/mavzenekar.hu\/?s={search_term_string}"},"query-input":"required name=search_term_string"}],"inLanguage":"en-US"},{"@type":"WebPage","@id":"https:\/\/mavzenekar.hu\/jegy-es-berletvaltas-informaciok\/#webpage","url":"https:\/\/mavzenekar.hu\/jegy-es-berletvaltas-informaciok\/","name":"JEGY- \u00c9S B\u00c9RLETV\u00c1LT\u00c1S - Mavzenekar.hu","isPartOf":{"@id":"https:\/\/mavzenekar.hu\/#website"},"datePublished":"2021-04-09T19:27:06+00:00","dateModified":"2022-07-21T14:04:41+00:00","breadcrumb":{"@id":"https:\/\/mavzenekar.hu\/jegy-es-berletvaltas-informaciok\/#breadcrumb"},"inLanguage":"en-US","potentialAction":[{"@type":"ReadAction","target":["https:\/\/mavzenekar.hu\/jegy-es-berletvaltas-informaciok\/"]}]},{"@type":"BreadcrumbList","@id":"https:\/\/mavzenekar.hu\/jegy-es-berletvaltas-informaciok\/#breadcrumb","itemListElement":[{"@type":"ListItem","position":1,"name":"Home","item":"https:\/\/mavzenekar.hu\/"},{"@type":"ListItem","position":2,"name":"JEGY- \u00c9S B\u00c9RLETV\u00c1LT\u00c1S"}]}]}},"_links":{"self":[{"href":"https:\/\/mavzenekar.hu\/en\/wp-json\/wp\/v2\/pages\/10956"}],"collection":[{"href":"https:\/\/mavzenekar.hu\/en\/wp-json\/wp\/v2\/pages"}],"about":[{"href":"https:\/\/mavzenekar.hu\/en\/wp-json\/wp\/v2\/types\/page"}],"author":[{"embeddable":true,"href":"https:\/\/mavzenekar.hu\/en\/wp-json\/wp\/v2\/users\/1"}],"replies":[{"embeddable":true,"href":"https:\/\/mavzenekar.hu\/en\/wp-json\/wp\/v2\/comments?post=10956"}],"version-history":[{"count":26,"href":"https:\/\/mavzenekar.hu\/en\/wp-json\/wp\/v2\/pages\/10956\/revisions"}],"predecessor-version":[{"id":13641,"href":"https:\/\/mavzenekar.hu\/en\/wp-json\/wp\/v2\/pages\/10956\/revisions\/13641"}],"wp:attachment":[{"href":"https:\/\/mavzenekar.hu\/en\/wp-json\/wp\/v2\/media?parent=10956"}],"curies":[{"name":"wp","href":"https:\/\/api.w.org\/{rel}","templated":true}]}}