{"id":14743,"date":"2023-05-08T10:24:17","date_gmt":"2023-05-08T08:24:17","guid":{"rendered":"https:\/\/mavzenekar.hu\/?page_id=14743"},"modified":"2023-05-09T16:37:22","modified_gmt":"2023-05-09T14:37:22","slug":"berletinformacio","status":"publish","type":"page","link":"https:\/\/mavzenekar.hu\/en\/berletinformacio\/","title":{"rendered":"Season pass information"},"content":{"rendered":"<div  class=\"vc_row wpb_row vc_row-fluid in_container\"><div class=\"wpb_column vc_column_container vc_col-sm-12\"><div class=\"vc_column-inner\"><div class=\"wpb_wrapper\"><\/div><\/div><\/div><\/div><div  class=\"vc_column-gap-35 vc_row wpb_row vc_row-fluid in_container\"><div class=\"wpb_column vc_column_container vc_col-sm-8\"><div class=\"vc_column-inner vc_custom_1625405945723\"><div class=\"wpb_wrapper\">\n\t<div class=\"wpb_text_column wpb_content_element\" >\n\t\t<div class=\"wpb_wrapper\">\n\t\t\t<h3><strong>SEASON PASS INFORMATION<\/strong><\/h3>\n<p>You can view the concerts and concert programs of the 2023-2024 season passes of the M\u00c1V Symphony Orchestra here:\u00a0<a href=\"https:\/\/mavzenekar.hu\/en\/berletek-2023-2024\/\">https:\/\/mav.jegy.hu\/seasonticket<\/a>\u00a0.<\/p>\n<p><strong>RENEWING SEASON PASSES<\/strong><\/p>\n<p><strong>ONLINE<br \/>\n<\/strong>May 15\u2013July 15.<\/p>\n<p>There are two ways to renew a season pass online:<\/p>\n<ol>\n<li>Click on the unique link in the email sent on 15 May, which will already include any discounts.<\/li>\n<li>On the website of the orchestra: <a href=\"https:\/\/mav.jegy.hu\/seasonticket\">https:\/\/mav.jegy.hu\/seasonticket<\/a> <strong>.<\/strong><\/li>\n<\/ol>\n<p><strong>IN PERSON<br \/>\nMay 22\u2013May 26.,<\/strong>Monday-Friday, 10am\u20136pm, M\u00c1V Symphony Orchestra Music Rehearsal Studio (1143 Bp., Stef\u00e1nia \u00fat 61.)<\/p>\n<p><strong>May 29\u2013July 15.,<\/strong> Tuesday-Friday, 10am\u20136pm, Open-Air Ticket Office (1052 Bp., B\u00e1rczy Istv\u00e1n u. 1. \u2013 at Szervita t\u00e9r)<\/p>\n<p><strong>Deadline of renewing season passes: July 15<\/strong> j\u00falius 15.<\/p>\n<p>If you do not wish to renew your season pass, we would appreciate if you could send this information by e-mail to <a href=\"mailto:jegy@mavzenekar.hu\">jegy@mavzenekar.hu<\/a> .<\/p>\n<p><strong>PURCHASING NEW CONCERT PASSES<br \/>\n<\/strong><a href=\"https:\/\/mav.jegy.hu\/seasonticket\">mav.jegy.hu\/seasonticket<\/a><strong><br \/>\n<\/strong><\/p>\n<p><b>SEASON PASS PRICES<\/b><\/p>\n<p><strong>Sz\u0151ke Tibor Master Pass \u2013 M\u00fcpa <\/strong>\u2013 4 concerts<\/p>\n<p>Full price: HUF25,000, HUF23,000, HUF19,000, HUF16,000<br \/>\nDiscounted price: HUF18,000, HUF16,500, HUF13,000, HUF11,000<\/p>\n<p><strong>Erd\u00e9lyi Mikl\u00f3s and Luk\u00e1cs Mikl\u00f3s passes \u2013 Academy of Music <\/strong>\u2013 6 concerts<\/p>\n<p>Full price: HUF32,000, HUF30,000, HUF28,000<br \/>\nDiscounted price: HUF22,000, HUF20,000, HUF18,000<\/p>\n<p><strong>Festetics pass \u2013 Festetics Palace <\/strong>\u2013 4 concerts<\/p>\n<p>Price of the season pass: 15.000 HUF<\/p>\n<p><strong>Concerts for Grandchildren and Grandparents \u2013 E\u00f6tv\u00f6s 10 <\/strong>\u2013 4 concerts<br \/>\nHUF8,000<\/p>\n<p><strong>Discounts available: <\/strong>pensioner, teacher, railway worker<\/p>\n<p><strong>Purchasing daily tickets:<\/strong>from mid-August.<\/p>\n\n\t\t<\/div>\n\t<\/div>\n<\/div><\/div><\/div><div class=\"wpb_column vc_column_container vc_col-sm-4\"><div class=\"vc_column-inner\"><div class=\"wpb_wrapper\"><\/div><\/div><\/div><\/div>","protected":false},"excerpt":{"rendered":"B\u00c9RLETINFORM\u00c1CI\u00d3 A M\u00c1V Szimfonikus Zenekar 2023\u20132024-es \u00e9vad\u00e1nak aktu\u00e1lis b\u00e9rleteit \u00e9s a b\u00e9rletekhez tartoz\u00f3 koncerteket, m\u0171sorismertet\u0151ket\u00a0ide kattintva\u00a0tekintheti meg. B\u00c9RLETMEG\u00daJ\u00cdT\u00c1S ONLINE m\u00e1jus 15.-j\u00falius 15. Az online b\u00e9rletmeg\u00faj\u00edt\u00e1s k\u00e9tf\u00e9lek\u00e9ppen t\u00f6rt\u00e9nhet: A m\u00e1jus 15-\u00e9n \u00e9rkez\u0151 e-mailben tal\u00e1lhat\u00f3 egyedi, az esetleges kedvezm\u00e9nyeket m\u00e1r tartalmaz\u00f3 linkre kattintva. A zenekar honlapj\u00e1n kereszt\u00fcl: https:\/\/mav.jegy.hu\/seasonticket ez a link csak m\u00e1jus 15-t\u0151l akt\u00edv SZEM\u00c9LYESEN m\u00e1jus 22 \u2013 m\u00e1jus 26., h-p: 10-18 \u00f3r\u00e1ig, M\u00c1V Szimfonikus Zenekar pr\u00f3baterm\u00e9ben (1143 Bp., Stef\u00e1nia \u00fat 61.) m\u00e1jus 29 \u2013 j\u00falius 15. k-p: 10-18 \u00f3r\u00e1ig, Szabadt\u00e9r [...]","protected":false},"author":146,"featured_media":0,"parent":0,"menu_order":0,"comment_status":"closed","ping_status":"closed","template":"","meta":[],"yoast_head":"<!-- This site is optimized with the Yoast SEO plugin v18.0 - https:\/\/yoast.com\/wordpress\/plugins\/seo\/ -->\n<title>B\u00e9rletinform\u00e1ci\u00f3 - Mavzenekar.hu<\/title>\n<meta name=\"robots\" content=\"index, follow, max-snippet:-1, max-image-preview:large, max-video-preview:-1\" \/>\n<link rel=\"canonical\" href=\"https:\/\/mavzenekar.hu\/en\/berletinformacio\/\" \/>\n<meta property=\"og:locale\" content=\"en_US\" \/>\n<meta property=\"og:type\" content=\"article\" \/>\n<meta property=\"og:title\" content=\"B\u00e9rletinform\u00e1ci\u00f3 - Mavzenekar.hu\" \/>\n<meta property=\"og:url\" content=\"https:\/\/mavzenekar.hu\/en\/berletinformacio\/\" \/>\n<meta property=\"og:site_name\" content=\"Mavzenekar.hu\" \/>\n<meta property=\"article:modified_time\" content=\"2023-05-09T14:37:22+00:00\" \/>\n<meta name=\"twitter:card\" content=\"summary_large_image\" \/>\n<meta name=\"twitter:label1\" content=\"Est. reading time\" \/>\n\t<meta name=\"twitter:data1\" content=\"2 minutes\" \/>\n<script type=\"application\/ld+json\" class=\"yoast-schema-graph\">{\"@context\":\"https:\/\/schema.org\",\"@graph\":[{\"@type\":\"WebSite\",\"@id\":\"https:\/\/mavzenekar.hu\/#website\",\"url\":\"https:\/\/mavzenekar.hu\/\",\"name\":\"Mavzenekar.hu\",\"description\":\"M\u00c1V Zenekar\",\"potentialAction\":[{\"@type\":\"SearchAction\",\"target\":{\"@type\":\"EntryPoint\",\"urlTemplate\":\"https:\/\/mavzenekar.hu\/?s={search_term_string}\"},\"query-input\":\"required name=search_term_string\"}],\"inLanguage\":\"en-US\"},{\"@type\":\"WebPage\",\"@id\":\"https:\/\/mavzenekar.hu\/berletinformacio\/#webpage\",\"url\":\"https:\/\/mavzenekar.hu\/berletinformacio\/\",\"name\":\"B\u00e9rletinform\u00e1ci\u00f3 - Mavzenekar.hu\",\"isPartOf\":{\"@id\":\"https:\/\/mavzenekar.hu\/#website\"},\"datePublished\":\"2023-05-08T08:24:17+00:00\",\"dateModified\":\"2023-05-09T14:37:22+00:00\",\"breadcrumb\":{\"@id\":\"https:\/\/mavzenekar.hu\/berletinformacio\/#breadcrumb\"},\"inLanguage\":\"en-US\",\"potentialAction\":[{\"@type\":\"ReadAction\",\"target\":[\"https:\/\/mavzenekar.hu\/berletinformacio\/\"]}]},{\"@type\":\"BreadcrumbList\",\"@id\":\"https:\/\/mavzenekar.hu\/berletinformacio\/#breadcrumb\",\"itemListElement\":[{\"@type\":\"ListItem\",\"position\":1,\"name\":\"Home\",\"item\":\"https:\/\/mavzenekar.hu\/\"},{\"@type\":\"ListItem\",\"position\":2,\"name\":\"B\u00e9rletinform\u00e1ci\u00f3\"}]}]}<\/script>\n<!-- \/ Yoast SEO plugin. -->","yoast_head_json":{"title":"B\u00e9rletinform\u00e1ci\u00f3 - Mavzenekar.hu","robots":{"index":"index","follow":"follow","max-snippet":"max-snippet:-1","max-image-preview":"max-image-preview:large","max-video-preview":"max-video-preview:-1"},"canonical":"https:\/\/mavzenekar.hu\/en\/berletinformacio\/","og_locale":"en_US","og_type":"article","og_title":"B\u00e9rletinform\u00e1ci\u00f3 - Mavzenekar.hu","og_url":"https:\/\/mavzenekar.hu\/en\/berletinformacio\/","og_site_name":"Mavzenekar.hu","article_modified_time":"2023-05-09T14:37:22+00:00","twitter_card":"summary_large_image","twitter_misc":{"Est. reading time":"2 minutes"},"schema":{"@context":"https:\/\/schema.org","@graph":[{"@type":"WebSite","@id":"https:\/\/mavzenekar.hu\/#website","url":"https:\/\/mavzenekar.hu\/","name":"Mavzenekar.hu","description":"M\u00c1V Zenekar","potentialAction":[{"@type":"SearchAction","target":{"@type":"EntryPoint","urlTemplate":"https:\/\/mavzenekar.hu\/?s={search_term_string}"},"query-input":"required name=search_term_string"}],"inLanguage":"en-US"},{"@type":"WebPage","@id":"https:\/\/mavzenekar.hu\/berletinformacio\/#webpage","url":"https:\/\/mavzenekar.hu\/berletinformacio\/","name":"B\u00e9rletinform\u00e1ci\u00f3 - Mavzenekar.hu","isPartOf":{"@id":"https:\/\/mavzenekar.hu\/#website"},"datePublished":"2023-05-08T08:24:17+00:00","dateModified":"2023-05-09T14:37:22+00:00","breadcrumb":{"@id":"https:\/\/mavzenekar.hu\/berletinformacio\/#breadcrumb"},"inLanguage":"en-US","potentialAction":[{"@type":"ReadAction","target":["https:\/\/mavzenekar.hu\/berletinformacio\/"]}]},{"@type":"BreadcrumbList","@id":"https:\/\/mavzenekar.hu\/berletinformacio\/#breadcrumb","itemListElement":[{"@type":"ListItem","position":1,"name":"Home","item":"https:\/\/mavzenekar.hu\/"},{"@type":"ListItem","position":2,"name":"B\u00e9rletinform\u00e1ci\u00f3"}]}]}},"_links":{"self":[{"href":"https:\/\/mavzenekar.hu\/en\/wp-json\/wp\/v2\/pages\/14743"}],"collection":[{"href":"https:\/\/mavzenekar.hu\/en\/wp-json\/wp\/v2\/pages"}],"about":[{"href":"https:\/\/mavzenekar.hu\/en\/wp-json\/wp\/v2\/types\/page"}],"author":[{"embeddable":true,"href":"https:\/\/mavzenekar.hu\/en\/wp-json\/wp\/v2\/users\/146"}],"replies":[{"embeddable":true,"href":"https:\/\/mavzenekar.hu\/en\/wp-json\/wp\/v2\/comments?post=14743"}],"version-history":[{"count":6,"href":"https:\/\/mavzenekar.hu\/en\/wp-json\/wp\/v2\/pages\/14743\/revisions"}],"predecessor-version":[{"id":14764,"href":"https:\/\/mavzenekar.hu\/en\/wp-json\/wp\/v2\/pages\/14743\/revisions\/14764"}],"wp:attachment":[{"href":"https:\/\/mavzenekar.hu\/en\/wp-json\/wp\/v2\/media?parent=14743"}],"curies":[{"name":"wp","href":"https:\/\/api.w.org\/{rel}","templated":true}]}}