{"id":17013,"date":"2025-04-14T09:19:26","date_gmt":"2025-04-14T07:19:26","guid":{"rendered":"https:\/\/mavzenekar.hu\/?page_id=17013"},"modified":"2025-04-30T15:32:52","modified_gmt":"2025-04-30T13:32:52","slug":"erdelyi-miklos-berlet-2025-2026","status":"publish","type":"page","link":"https:\/\/mavzenekar.hu\/en\/erdelyi-miklos-berlet-2025-2026\/","title":{"rendered":"Erd\u00e9lyi Mikl\u00f3s season pass"},"content":{"rendered":"<div  class=\"vc_row wpb_row vc_row-fluid in_container\"><div class=\"wpb_column vc_column_container vc_col-sm-12\"><div class=\"vc_column-inner\"><div class=\"wpb_wrapper\"><div class=\"vc_empty_space\"   style=\"height: 32px\"><span class=\"vc_empty_space_inner\"><\/span><\/div><\/div><\/div><\/div><\/div><div  class=\"vc_row wpb_row vc_row-fluid in_container\"><div class=\"cell-event-details wpb_column vc_column_container vc_col-sm-6\"><div class=\"vc_column-inner vc_custom_1647520950474\"><div class=\"wpb_wrapper\">\r\n\t<div class=\"wpb_single_image wpb_content_element vc_align_center\">\r\n\t\t\r\n\t\t<figure class=\"wpb_wrapper vc_figure\">\r\n\t\t\t<div class=\"vc_single_image-wrapper    vc_box_border_grey\"><img width=\"1024\" height=\"672\" src=\"https:\/\/mavzenekar.hu\/wp-content\/uploads\/2022\/04\/MAV-Szimfonikusok_Steirer-Mate-1024x672.jpg\" class=\"vc_single_image-img attachment-large\" alt=\"\" loading=\"lazy\" srcset=\"https:\/\/mavzenekar.hu\/wp-content\/uploads\/2022\/04\/MAV-Szimfonikusok_Steirer-Mate-1024x672.jpg 1024w, https:\/\/mavzenekar.hu\/wp-content\/uploads\/2022\/04\/MAV-Szimfonikusok_Steirer-Mate-559x367.jpg 559w, https:\/\/mavzenekar.hu\/wp-content\/uploads\/2022\/04\/MAV-Szimfonikusok_Steirer-Mate-768x504.jpg 768w, https:\/\/mavzenekar.hu\/wp-content\/uploads\/2022\/04\/MAV-Szimfonikusok_Steirer-Mate-1536x1008.jpg 1536w, https:\/\/mavzenekar.hu\/wp-content\/uploads\/2022\/04\/MAV-Szimfonikusok_Steirer-Mate-2048x1344.jpg 2048w, https:\/\/mavzenekar.hu\/wp-content\/uploads\/2022\/04\/MAV-Szimfonikusok_Steirer-Mate-16x10.jpg 16w\" sizes=\"(max-width: 1024px) 100vw, 1024px\" \/><\/div>\r\n\t\t<\/figure>\r\n\t<\/div>\r\n<div class=\"vc_empty_space\"   style=\"height: 14px\"><span class=\"vc_empty_space_inner\"><\/span><\/div><div  class=\"vc_row wpb_row vc_inner vc_row-fluid  wrapper-buy-season-ticket vc_row wpb_row vc_inner  wrapper-buy-season-ticket in_container  wpb_animate_when_almost_visible wpb_\"><div class=\"wpb_column vc_column_container vc_col-sm-6\"><div class=\"vc_column-inner\"><div class=\"wpb_wrapper\">\n\t<div class=\"wpb_text_column wpb_content_element  vc_custom_1744881212161\" >\n\t\t<div class=\"wpb_wrapper\">\n\t\t\t<p><strong>Zeneakad\u00e9mia: <\/strong>\u00a0<strong>6 alkalom<\/strong><\/p>\n\n\t\t<\/div>\n\t<\/div>\n<\/div><\/div><\/div><div class=\"wpb_column vc_column_container vc_col-sm-6\"><div class=\"vc_column-inner\"><div class=\"wpb_wrapper\"><div class=\"vc_btn3-container  btn-buy-season-ticket vc_btn3-inline vc_custom_1716450178885  wpb_animate_when_almost_visible wpb_\">\n\t<a class=\"vc_general vc_btn3 vc_btn3-size-md vc_btn3-shape-rounded vc_btn3-style-modern vc_btn3-icon-left vc_btn3-color-warning\" href=\"https:\/\/mav.jegy.hu\/seasonticket\/buy\/159\/4\" title=\"\"><i class=\"vc_btn3-icon fas fa-ticket-alt\"><\/i> Buy season passes<\/a><\/div>\n<\/div><\/div><\/div><\/div><div class=\"vc_separator wpb_content_element vc_separator_align_center vc_sep_width_100 vc_sep_dashed vc_sep_pos_align_center vc_separator_no_text vc_sep_color_orange\" ><span class=\"vc_sep_holder vc_sep_holder_l\"><span  class=\"vc_sep_line\"><\/span><\/span><span class=\"vc_sep_holder vc_sep_holder_r\"><span  class=\"vc_sep_line\"><\/span><\/span>\n<\/div>\n\t<div class=\"wpb_text_column wpb_content_element\" >\n\t\t<div class=\"wpb_wrapper\">\n\t\t\t<p><strong>Kedvezm\u00e9nyes b\u00e9rlet:<\/strong> 28.000.-, 26.000.-, 24.000.- Ft<br \/>\nFull price: HUF36,000, HUF34,000, HUF32,000<\/p>\n<p><strong><br \/>\n<\/strong><em><br \/>\n<\/em><\/p>\n\n\t\t<\/div>\n\t<\/div>\n<div class=\"vc_empty_space\"   style=\"height: 32px\"><span class=\"vc_empty_space_inner\"><\/span><\/div><\/div><\/div><\/div><div class=\"wpb_column vc_column_container vc_col-sm-6\"><div class=\"vc_column-inner vc_custom_1647520552652\"><div class=\"wpb_wrapper\">\n\t<div class=\"wpb_text_column wpb_content_element\" >\n\t\t<div class=\"wpb_wrapper\">\n\t\t\t<a href=\"https:\/\/mavzenekar.hu\/en\/event\/klasszikustol-a-szvingig\/\">\r\n\t\t\t\t\t\t\t<div class=\"event-ticket-wrap x-container\">\r\n\t\t\t\t\t\t\t\t<div style=\"display: flex\"><div style=\"width: 100%; padding: 15px;\">\r\n\t\t\t\t\t\t\t\t\t\t<h1 class=\"event-ticket-title\">Klasszikust\u00f3l a szvingig<\/h1>\r\n\t\t\t\t\t\t\t\t\t\t<h2 class=\"event-ticket-author\">Kreisler,Mozart<\/h2>\r\n\t\t\t\t\t\t\t\t\t\t<h2 class=\"event-ticket-subtitle\">Gilles Apap<\/h2>\r\n\t\t\t\t\t\t\t\t\t\t<div class=\"event-details-wrapper\">\r\n\t\t\t\t\t\t\t\t\t\t\t<div class=\"event-datetime\">\r\n\t\t\t\t\t\t\t\t\t\t\t\t<div class=\"event-date\">2026.05.14.<\/div>\r\n\t\t\t\t\t\t\t\t\t\t\t\t<div class=\"event-time\">7 PM<\/div>\r\n\t\t\t\t\t\t\t\t\t\t\t<\/div>\r\n\t\t\t\t\t\t\t\t\t\t\t<div class=\"event-venue\">Liszt Academy, Grand Hall<br \/>Budapest<\/div>\r\n\t\t\t\t\t\t\t\t\t\t<\/div>\r\n\t\t\t\t\t\t\t\t\t<\/div>\r\n\t\t\t\t\t\t\t\t<\/div>\r\n\t\t\t\t\t\t\t<\/div>\r\n\t\t\t\t\t\t<\/a>\n\n\t\t<\/div>\n\t<\/div>\n<\/div><\/div><\/div><\/div>","protected":false},"excerpt":{"rendered":"Zeneakad\u00e9mia: \u00a06 alkalom B\u00e9rletv\u00e1s\u00e1rl\u00e1s Kedvezm\u00e9nyes b\u00e9rlet: 28.000.-, 26.000.-, 24.000.- Ft Teljes \u00e1r\u00fa b\u00e9rlet: 36.000.-, 34.000.-, 32.000.-, Ft Klasszikust\u00f3l a szvingig Kreisler,Mozart Gilles Apap 2026.05.14. 19:00 Zeneakad\u00e9mia, Nagyterem,Budapest","protected":false},"author":1,"featured_media":0,"parent":0,"menu_order":0,"comment_status":"closed","ping_status":"closed","template":"","meta":[],"yoast_head":"<!-- This site is optimized with the Yoast SEO plugin v18.0 - https:\/\/yoast.com\/wordpress\/plugins\/seo\/ -->\n<title>Erd\u00e9lyi Mikl\u00f3s-b\u00e9rlet - Mavzenekar.hu<\/title>\n<meta name=\"robots\" content=\"index, follow, max-snippet:-1, max-image-preview:large, max-video-preview:-1\" \/>\n<link rel=\"canonical\" href=\"https:\/\/mavzenekar.hu\/en\/erdelyi-miklos-berlet-2025-2026\/\" \/>\n<meta property=\"og:locale\" content=\"en_US\" \/>\n<meta property=\"og:type\" content=\"article\" \/>\n<meta property=\"og:title\" content=\"Erd\u00e9lyi Mikl\u00f3s-b\u00e9rlet - Mavzenekar.hu\" \/>\n<meta property=\"og:url\" content=\"https:\/\/mavzenekar.hu\/en\/erdelyi-miklos-berlet-2025-2026\/\" \/>\n<meta property=\"og:site_name\" content=\"Mavzenekar.hu\" \/>\n<meta property=\"article:modified_time\" content=\"2025-04-30T13:32:52+00:00\" \/>\n<meta name=\"twitter:card\" content=\"summary_large_image\" \/>\n<meta name=\"twitter:label1\" content=\"Est. reading time\" \/>\n\t<meta name=\"twitter:data1\" content=\"1 minute\" \/>\n<script type=\"application\/ld+json\" class=\"yoast-schema-graph\">{\"@context\":\"https:\/\/schema.org\",\"@graph\":[{\"@type\":\"WebSite\",\"@id\":\"https:\/\/mavzenekar.hu\/#website\",\"url\":\"https:\/\/mavzenekar.hu\/\",\"name\":\"Mavzenekar.hu\",\"description\":\"M\u00c1V Zenekar\",\"potentialAction\":[{\"@type\":\"SearchAction\",\"target\":{\"@type\":\"EntryPoint\",\"urlTemplate\":\"https:\/\/mavzenekar.hu\/?s={search_term_string}\"},\"query-input\":\"required name=search_term_string\"}],\"inLanguage\":\"en-US\"},{\"@type\":\"WebPage\",\"@id\":\"https:\/\/mavzenekar.hu\/erdelyi-miklos-berlet-2025-2026\/#webpage\",\"url\":\"https:\/\/mavzenekar.hu\/erdelyi-miklos-berlet-2025-2026\/\",\"name\":\"Erd\u00e9lyi Mikl\u00f3s-b\u00e9rlet - Mavzenekar.hu\",\"isPartOf\":{\"@id\":\"https:\/\/mavzenekar.hu\/#website\"},\"datePublished\":\"2025-04-14T07:19:26+00:00\",\"dateModified\":\"2025-04-30T13:32:52+00:00\",\"breadcrumb\":{\"@id\":\"https:\/\/mavzenekar.hu\/erdelyi-miklos-berlet-2025-2026\/#breadcrumb\"},\"inLanguage\":\"en-US\",\"potentialAction\":[{\"@type\":\"ReadAction\",\"target\":[\"https:\/\/mavzenekar.hu\/erdelyi-miklos-berlet-2025-2026\/\"]}]},{\"@type\":\"BreadcrumbList\",\"@id\":\"https:\/\/mavzenekar.hu\/erdelyi-miklos-berlet-2025-2026\/#breadcrumb\",\"itemListElement\":[{\"@type\":\"ListItem\",\"position\":1,\"name\":\"Home\",\"item\":\"https:\/\/mavzenekar.hu\/\"},{\"@type\":\"ListItem\",\"position\":2,\"name\":\"Erd\u00e9lyi Mikl\u00f3s-b\u00e9rlet\"}]}]}<\/script>\n<!-- \/ Yoast SEO plugin. -->","yoast_head_json":{"title":"Erd\u00e9lyi Mikl\u00f3s-b\u00e9rlet - Mavzenekar.hu","robots":{"index":"index","follow":"follow","max-snippet":"max-snippet:-1","max-image-preview":"max-image-preview:large","max-video-preview":"max-video-preview:-1"},"canonical":"https:\/\/mavzenekar.hu\/en\/erdelyi-miklos-berlet-2025-2026\/","og_locale":"en_US","og_type":"article","og_title":"Erd\u00e9lyi Mikl\u00f3s-b\u00e9rlet - Mavzenekar.hu","og_url":"https:\/\/mavzenekar.hu\/en\/erdelyi-miklos-berlet-2025-2026\/","og_site_name":"Mavzenekar.hu","article_modified_time":"2025-04-30T13:32:52+00:00","twitter_card":"summary_large_image","twitter_misc":{"Est. reading time":"1 minute"},"schema":{"@context":"https:\/\/schema.org","@graph":[{"@type":"WebSite","@id":"https:\/\/mavzenekar.hu\/#website","url":"https:\/\/mavzenekar.hu\/","name":"Mavzenekar.hu","description":"M\u00c1V Zenekar","potentialAction":[{"@type":"SearchAction","target":{"@type":"EntryPoint","urlTemplate":"https:\/\/mavzenekar.hu\/?s={search_term_string}"},"query-input":"required name=search_term_string"}],"inLanguage":"en-US"},{"@type":"WebPage","@id":"https:\/\/mavzenekar.hu\/erdelyi-miklos-berlet-2025-2026\/#webpage","url":"https:\/\/mavzenekar.hu\/erdelyi-miklos-berlet-2025-2026\/","name":"Erd\u00e9lyi Mikl\u00f3s-b\u00e9rlet - Mavzenekar.hu","isPartOf":{"@id":"https:\/\/mavzenekar.hu\/#website"},"datePublished":"2025-04-14T07:19:26+00:00","dateModified":"2025-04-30T13:32:52+00:00","breadcrumb":{"@id":"https:\/\/mavzenekar.hu\/erdelyi-miklos-berlet-2025-2026\/#breadcrumb"},"inLanguage":"en-US","potentialAction":[{"@type":"ReadAction","target":["https:\/\/mavzenekar.hu\/erdelyi-miklos-berlet-2025-2026\/"]}]},{"@type":"BreadcrumbList","@id":"https:\/\/mavzenekar.hu\/erdelyi-miklos-berlet-2025-2026\/#breadcrumb","itemListElement":[{"@type":"ListItem","position":1,"name":"Home","item":"https:\/\/mavzenekar.hu\/"},{"@type":"ListItem","position":2,"name":"Erd\u00e9lyi Mikl\u00f3s-b\u00e9rlet"}]}]}},"_links":{"self":[{"href":"https:\/\/mavzenekar.hu\/en\/wp-json\/wp\/v2\/pages\/17013"}],"collection":[{"href":"https:\/\/mavzenekar.hu\/en\/wp-json\/wp\/v2\/pages"}],"about":[{"href":"https:\/\/mavzenekar.hu\/en\/wp-json\/wp\/v2\/types\/page"}],"author":[{"embeddable":true,"href":"https:\/\/mavzenekar.hu\/en\/wp-json\/wp\/v2\/users\/1"}],"replies":[{"embeddable":true,"href":"https:\/\/mavzenekar.hu\/en\/wp-json\/wp\/v2\/comments?post=17013"}],"version-history":[{"count":4,"href":"https:\/\/mavzenekar.hu\/en\/wp-json\/wp\/v2\/pages\/17013\/revisions"}],"predecessor-version":[{"id":17168,"href":"https:\/\/mavzenekar.hu\/en\/wp-json\/wp\/v2\/pages\/17013\/revisions\/17168"}],"wp:attachment":[{"href":"https:\/\/mavzenekar.hu\/en\/wp-json\/wp\/v2\/media?parent=17013"}],"curies":[{"name":"wp","href":"https:\/\/api.w.org\/{rel}","templated":true}]}}